{"id":5811,"date":"2021-08-24T12:25:18","date_gmt":"2021-08-24T09:25:18","guid":{"rendered":"http:\/\/bajk.de\/impressum\/"},"modified":"2024-02-03T12:24:38","modified_gmt":"2024-02-03T09:24:38","slug":"impressum","status":"publish","type":"page","link":"https:\/\/bajk.de\/de\/impressum\/","title":{"rendered":"Impressum"},"content":{"rendered":"\t\t<div data-elementor-type=\"wp-page\" data-elementor-id=\"5811\" class=\"elementor elementor-5811\">\n\t\t\t\t\t\t\t\t\t<section class=\"elementor-section elementor-top-section elementor-element elementor-element-35fb3fb elementor-section-boxed elementor-section-height-default elementor-section-height-default\" data-id=\"35fb3fb\" data-element_type=\"section\">\n\t\t\t\t\t\t<div class=\"elementor-container elementor-column-gap-default\">\n\t\t\t\t\t<div class=\"elementor-column elementor-col-100 elementor-top-column elementor-element elementor-element-0c0b8e8\" data-id=\"0c0b8e8\" data-element_type=\"column\">\n\t\t\t<div class=\"elementor-widget-wrap elementor-element-populated\">\n\t\t\t\t\t\t\t\t<div class=\"elementor-element elementor-element-0a61c3c elementor-widget elementor-widget-text-editor\" data-id=\"0a61c3c\" data-element_type=\"widget\" data-widget_type=\"text-editor.default\">\n\t\t\t\t<div class=\"elementor-widget-container\">\n\t\t\t\t\t\t\t<h1>BAJK Capital GmbH<\/h1>\n<p>Hauptstra\u00dfe 25<\/p>\n<p>65760 Eschborn<\/p><br>\n<p><b>Registergericht:<\/b><\/p>\n<p>Amtsgericht Frankfurt am Main<\/p>\n<p>HRB-119134<\/p><br>\n<p><strong>Gesch\u00e4ftsf\u00fchrerin:<\/strong><\/p>\n<p>Jana Rubin<\/p>\n\t\t\t\t\t\t<\/div>\n\t\t\t\t<\/div>\n\t\t\t\t<div class=\"elementor-element elementor-element-03bcf53 elementor-widget elementor-widget-text-editor\" data-id=\"03bcf53\" data-element_type=\"widget\" data-widget_type=\"text-editor.default\">\n\t\t\t\t<div class=\"elementor-widget-container\">\n\t\t\t\t\t\t\t<h2>Kontakt:<\/h2>\n<p><strong>Tel<\/strong>:\u00a0+49 (69) 175361651<\/p>\n<p><strong>Fax:<\/strong> +49 (69) 175361659<\/p>\n<p><strong>E-mail: <\/strong> info@bajk.eu<\/p><br>\n<p>Erlaubnis gem\u00e4\u00df \u00a7 34 c der Gewerbeordnung (GewO)<\/p>\n<p>Ordnungsamt Berlin<\/p><br>\n<p>Erlaubnis gem\u00e4\u00df \u00a7 34 i der Gewerbeordnung (GewO)<\/p>\n<p>Ordnungsamt Frankfurt am Main<\/p>\t\t\t\t\t\t<\/div>\n\t\t\t\t<\/div>\n\t\t\t\t<div class=\"elementor-element elementor-element-b979942 elementor-widget elementor-widget-text-editor\" data-id=\"b979942\" data-element_type=\"widget\" data-widget_type=\"text-editor.default\">\n\t\t\t\t<div class=\"elementor-widget-container\">\n\t\t\t\t\t\t\t<h2>Haftungsbeschr\u00e4nkung<\/h2>\n<p>Trotz sorgf\u00e4ltiger inhaltlicher Kontrolle \u00fcbernimmt BAJK keine Haftung f\u00fcr die Inhalte externer Links. F\u00fcr den Inhalt der verlinkten Seiten sind ausschlie\u00dflich deren Betreiber zust\u00e4ndig.<\/p>\n<h2>Angaben zur Website<\/h2>\n<p>Diese Website wird von BAJK betrieben. Die Firma wird gesetzlich durch ihre Alleininhaberin Jana Rubin vertreten.<\/p>\n<h2>Urheberrecht<\/h2>\n<p>\u00a9 Copyright BAJK Alle Rechte vorbehalten. Text, Bilder, Grafiken, Sound, Animationen und Videos sowie deren Anordnung auf dieser Website unterliegen dem Schutz des Urheberrechts und anderer Schutzgesetze. Der Inhalt dieser Website darf nicht zu kommerziellen Zwecken kopiert, verbreitet, ver\u00e4ndert oder Dritten zug\u00e4nglich gemacht werden. Wir weisen daraufhin, dass auf den Websites enthaltene Bilder teilweise dem Urheberrecht Dritter unterliegen.<\/p>\n<h2>Markenzeichen<\/h2>\n<p>Soweit nicht anders angegeben, ist davon auszugehen, dass alle Markenzeichen auf dieser Website markenrechtlich gesch\u00fctzt sind. Dies gilt insbesondere f\u00fcr Marken, Produktbezeichnungen, Logos und Embleme.<\/p>\n<h2>Haftung<\/h2>\nDiese Website wurde mit gr\u00f6\u00dftm\u00f6glicher Sorgfalt zusammengestellt. Trotzdem kann keine Gew\u00e4hr f\u00fcr die Fehlerfreiheit, Genauigkeit und Aktualit\u00e4t der enthaltenen Informationen \u00fcbernommen werden. Jegliche Haftung f\u00fcr Sch\u00e4den, die direkt oder indirekt aus der Benutzung dieser Website entstehen, wird ausgeschlossen, soweit diese nicht auf Vorsatz oder grober Fahrl\u00e4ssigkeit beruhen. Sofern von dieser Website auf Internetseiten verwiesen wird, die von Dritten betrieben werden, \u00fcbernimmt BAJK keine Verantwortung f\u00fcr deren Inhalte.<\/p>\n<h2>Datenschutz<\/h2>\n<p>Bei der Nutzung unserer Website werden Sie eventuell um pers\u00f6nliche Informationen gebeten. Die Beantwortung unserer Fragen ist freiwillig. Die Daten werden den deutschen Datenschutzbestimmungen entsprechend erhoben, gespeichert und verarbeitet. Die im Rahmen der Webseite von BAJK erhobenen personenbezogenen Daten werden zum Zweck der Vertragsabwicklung und der Bearbeitung Ihrer Anfragen genutzt. Es findet keine Weitergabe Ihrer pers\u00f6nlichen Daten an Dritte statt. Eine Einwilligung k\u00f6nnen Sie jederzeit mit Wirkung f\u00fcr die Zukunft widerrufen: info@bajk.eu<\/p>\n<p>Auf unserer Website werden mit Technologien von Google Analytics (www.google.de) Daten zu Marketing- und Optimierungszwecken gesammelt und gespeichert. Aus diesen Daten werden unter einem Pseudonym Nutzungsprofile erstellt. Hierzu k\u00f6nnen Cookies eingesetzt werden. Bei Cookies handelt es sich um kleine Textdateien, die lokal im Zwischenspeicher des Internetbrowsers des Seitenbesuchers gespeichert werden. Die Cookies erm\u00f6glichen die Wiedererkennung des Internetbrowsers. Die mit Google-Analytics erhobenen Daten werden ohne die gesondert erteilte Zustimmung des Betroffenen nicht dazu benutzt, den Besucher dieser Website pers\u00f6nlich zu identifizieren und nicht mit personenbezogenen Daten \u00fcber den Tr\u00e4ger des Pseudonyms zusammengef\u00fchrt. Der Datenerhebung und -speicherung kann jederzeit mit Wirkung f\u00fcr die Zukunft widersprochen werden: info@bajk.eu<\/p>\n<h2>Auskunftsrecht<\/h2>\n<p>Auf Anforderung teilen wir Ihnen schriftlich entsprechend dem geltenden Recht mit, ob und welche pers\u00f6nlichen Daten \u00fcber Sie bei uns gespeichert sind.<\/p>\n<h2>Links<\/h2>\n<p>Unser Angebot enth\u00e4lt Links zu externen Websites Dritter, auf deren Inhalte wir keinen Einfluss haben. Deshalb k\u00f6nnen wir f\u00fcr diese fremden Inhalte auch keine Gew\u00e4hr \u00fcbernehmen. F\u00fcr die Inhalte der verlinkten Seiten ist stets der jeweilige Anbieter oder Betreiber der Seiten verantwortlich. Die verlinkten Seiten wurden zum Zeitpunkt der Verlinkung auf m\u00f6gliche Rechtsverst\u00f6\u00dfe \u00fcberpr\u00fcft. Rechtswidrige Inhalte waren zum Zeitpunkt der Verlinkung nicht erkennbar. Eine permanente inhaltliche Kontrolle der verlinkten Seiten ist jedoch ohne konkrete Anhaltspunkte einer Rechtsverletzung nicht zumutbar. Bei Bekanntwerden von Rechtsverletzungen werden wir derartige Links umgehend entfernen.<\/p>\n\t\t\t\t\t\t<\/div>\n\t\t\t\t<\/div>\n\t\t\t\t\t<\/div>\n\t\t<\/div>\n\t\t\t\t\t\t\t<\/div>\n\t\t<\/section>\n\t\t\t\t\t\t\t<\/div>\n\t\t","protected":false},"excerpt":{"rendered":"<p>BAJK Capital GmbH Hauptstra\u00dfe 25 65760 Eschborn Registergericht: Amtsgericht Frankfurt am Main HRB-119134 Gesch\u00e4ftsf\u00fchrerin: Jana Rubin Kontakt: Tel:\u00a0+49 (69) 175361651 Fax: +49 (69) 175361659 E-mail: info@bajk.eu Erlaubnis gem\u00e4\u00df \u00a7 34 c der Gewerbeordnung (GewO) Ordnungsamt Berlin Erlaubnis gem\u00e4\u00df \u00a7 34 i der Gewerbeordnung (GewO) Ordnungsamt Frankfurt am Main Haftungsbeschr\u00e4nkung Trotz sorgf\u00e4ltiger inhaltlicher Kontrolle \u00fcbernimmt BAJK [&hellip;]<\/p>\n","protected":false},"author":2,"featured_media":0,"parent":0,"menu_order":0,"comment_status":"closed","ping_status":"closed","template":"","meta":{"inline_featured_image":false,"footnotes":""},"class_list":["post-5811","page","type-page","status-publish","hentry"],"_links":{"self":[{"href":"https:\/\/bajk.de\/de\/wp-json\/wp\/v2\/pages\/5811","targetHints":{"allow":["GET"]}}],"collection":[{"href":"https:\/\/bajk.de\/de\/wp-json\/wp\/v2\/pages"}],"about":[{"href":"https:\/\/bajk.de\/de\/wp-json\/wp\/v2\/types\/page"}],"author":[{"embeddable":true,"href":"https:\/\/bajk.de\/de\/wp-json\/wp\/v2\/users\/2"}],"replies":[{"embeddable":true,"href":"https:\/\/bajk.de\/de\/wp-json\/wp\/v2\/comments?post=5811"}],"version-history":[{"count":28,"href":"https:\/\/bajk.de\/de\/wp-json\/wp\/v2\/pages\/5811\/revisions"}],"predecessor-version":[{"id":9470,"href":"https:\/\/bajk.de\/de\/wp-json\/wp\/v2\/pages\/5811\/revisions\/9470"}],"wp:attachment":[{"href":"https:\/\/bajk.de\/de\/wp-json\/wp\/v2\/media?parent=5811"}],"curies":[{"name":"wp","href":"https:\/\/api.w.org\/{rel}","templated":true}]}}